{"id":19,"date":"2018-03-14T22:44:59","date_gmt":"2018-03-14T22:44:59","guid":{"rendered":"http:\/\/ursmueller.de\/?page_id=19"},"modified":"2024-11-19T15:41:16","modified_gmt":"2024-11-19T14:41:16","slug":"profile","status":"publish","type":"page","link":"https:\/\/urs-mueller.com\/de\/profile","title":{"rendered":"Profil"},"content":{"rendered":"\n<p>Urs M\u00fcller ist ein erfahrener Dozent (insb. F\u00fchrungskr\u00e4fte-Entwicklung) und Autor zu den Themen Wirtschaftsethik, Ver\u00e4nderungsmanagement und Strategie. Er freut sich \u00fcber die Gelegenheit, regelm\u00e4\u00dfig mit F\u00fchrungskr\u00e4ften \u00fcber ihre wirklichen Dilemmata aus der beruflichen Praxis zu diskutieren.<\/p>\n\n\n\n<p>Urs M\u00fcller ist aktuell Associate Professor of Practice an der <a rel=\"noreferrer noopener\" href=\"https:\/\/www.sdabocconi.it\/en\/home\" target=\"_blank\">SDA Bocconi<\/a> (Mailand\/Italien) und  Affiliate Program Director an der <a rel=\"noreferrer noopener\" href=\"https:\/\/www.esmt.org\" target=\"_blank\">ESMT Berlin<\/a> (Deutschland).<\/p>\n\n\n\n<p>Nach seinem Studium der Germanistik, Philosophie und Kunstgeschichte an der  <a rel=\"noreferrer noopener\" href=\"http:\/\/www.uni-goettingen.de\/en\/\" target=\"_blank\">Georg-August-Universit\u00e4t G\u00f6ttingen<\/a> (Deutschland) und an der <a rel=\"noreferrer noopener\" href=\"https:\/\/www3.unifr.ch\/home\/en\/\" target=\"_blank\">Universit\u00e9 de Fribourg<\/a> (Schweiz), unterrichtete Urs M\u00fcller an der <a rel=\"noreferrer noopener\" href=\"http:\/\/www.uni-goettingen.de\/en\/\" target=\"_blank\">Georg-August-Universit\u00e4t G\u00f6ttingen<\/a>, an der <a rel=\"noreferrer noopener\" href=\"https:\/\/www.umk.pl\/en\/\" target=\"_blank\">Uniwersytet Miko\u0142aja Kopernika<\/a> (Torun\/Polen) und an der <a rel=\"noreferrer noopener\" href=\"https:\/\/illinois.edu\" target=\"_blank\">University of Illinois at Urbana-Champaign<\/a> (U.S.A.).<\/p>\n\n\n\n<p>W\u00e4hrend und nach der Arbeit an seiner Dissertation an der Georg-August-Universit\u00e4t arbeitete Urs als Management Berater f\u00fcr <a rel=\"noreferrer noopener\" href=\"https:\/\/www.atkearney.com\" target=\"_blank\">A.T. Kearney<\/a>&nbsp;und beriet verschiedene internationale Klienten in unterschiedlichen Industrien.<\/p>\n\n\n\n<p>In den vergangenen 20 Jahren hat Urs verschiedene offene und unternehmensspezifische F\u00fchrungskr\u00e4fte-Entwicklungsprogramme geleitet und in ihnen unterrichtet (inkl. ESMTs Flaggschiff Programm &#8222;<a href=\"http:\/\/www.esmt.org\/etp\" target=\"_blank\" rel=\"noreferrer noopener\">Executive Transition Program<\/a>&#8222;). Dabei unterst\u00fctzte er unter anderem die folgenden Klienten: Axel Springer, British American Tobacco, Coca-Cola, Commerzbank, Deutsche Telekom, Deutsche Bank, EnBW, Johnson&amp;Johnson, Lufthansa, McDonald&#8217;s, METRO, Schaeffler und Symrise. Zugleich ist Urs als Dozent (teilweise als ad hoc Gastdozent) f\u00fcr verschiedene Studieng\u00e4nge (Bachelor, Master, sowie MBA und EMBA Programme) der ESMT Berlin, der&nbsp;<a href=\"https:\/\/www.pbs.up.pt\/en\/\" target=\"_blank\" rel=\"noreferrer noopener\">Porto Business School<\/a> (Porto\/Portugal), der <a aria-label=\" (opens in a new tab)\" href=\"https:\/\/www.hwr-berlin.de\/\" target=\"_blank\" rel=\"noreferrer noopener\">Hochschule f\u00fcr Wirtschaft und Recht<\/a> (Berlin\/Deutschland), der <a href=\"https:\/\/www.escpeurope.eu\" target=\"_blank\" rel=\"noreferrer noopener\">ESCP<\/a> Berlin (Deutschland), und der <a href=\"https:\/\/www.seed-uni.com\" target=\"_blank\" rel=\"noreferrer noopener\">School for Executive Education and Development<\/a> (Budapest\/Ungarn) t\u00e4tig. Urs war zudem der erste Programm Direktor f\u00fcr den Part-time Online MBA der ESMT Berlin.<\/p>\n\n\n\n<p>Urs ist ein best-selling und preisgekr\u00f6nter Autor zahlreicher Fallstudien und f\u00fchrt seit 2013 als Visiting Tutor f\u00fcr <a href=\"https:\/\/www.thecasecentre.org\/main\/\" target=\"_blank\" rel=\"noreferrer noopener\">The Case Centre<\/a> Workshops zum Unterricht mit und zum Schreiben von Fallstudien durch. Er hat k\u00fcrzlich <a href=\"https:\/\/ultimatecaseguide.org\/the-book\" target=\"_blank\" rel=\"noreferrer noopener\">&#8222;The Ultimate Case Guide&#8220; &#8211; ein Textbuch mit zwei Arbeitsb\u00fcchern<\/a>, sowie eine dazugeh\u00f6rige <a href=\"https:\/\/ultimatecaseguide.org\/\" target=\"_blank\" rel=\"noreferrer noopener\">Webseite<\/a> \u00fcber das Unterrichten und Schreiben von Fallstudien ver\u00f6ffentlicht.<\/p>\n\n\n\n<p>\u00dcber Seine Arbeit wurde vielfach in verschiedenen deutschen und internationalen Medien berichtet, wie zum Beispiel in: BBC, BILD, Deutsche Welle, Financial Times, Handelsblatt, Spiegel Online, S\u00fcddeutsche Zeitung und Times.<\/p>\n","protected":false},"excerpt":{"rendered":"<p>Urs M\u00fcller ist ein erfahrener Dozent (insb. F\u00fchrungskr\u00e4fte-Entwicklung) und Autor zu den Themen Wirtschaftsethik, Ver\u00e4nderungsmanagement und Strategie. Er freut sich \u00fcber die Gelegenheit, regelm\u00e4\u00dfig mit F\u00fchrungskr\u00e4ften \u00fcber ihre wirklichen Dilemmata aus der beruflichen Praxis zu diskutieren. Urs M\u00fcller ist aktuell Associate Professor of Practice an der SDA Bocconi (Mailand\/Italien) und Affiliate Program Director an der &hellip; <\/p>\n<p class=\"link-more\"><a href=\"https:\/\/urs-mueller.com\/de\/profile\" class=\"more-link\"><span class=\"screen-reader-text\">\u201eProfil\u201c<\/span> weiterlesen<\/a><\/p>\n","protected":false},"author":1,"featured_media":41,"parent":0,"menu_order":0,"comment_status":"closed","ping_status":"closed","template":"","meta":{"footnotes":""},"class_list":["post-19","page","type-page","status-publish","has-post-thumbnail","hentry"],"translation":{"provider":"WPGlobus","version":"3.0.0","language":"de","enabled_languages":["en","de"],"languages":{"en":{"title":true,"content":true,"excerpt":false},"de":{"title":true,"content":true,"excerpt":false}}},"yoast_head":"<!-- This site is optimized with the Yoast SEO plugin v26.4 - https:\/\/yoast.com\/wordpress\/plugins\/seo\/ -->\n<title>Urs M\u00fcller - Lebenslauf<\/title>\n<meta name=\"robots\" content=\"index, follow, max-snippet:-1, max-image-preview:large, max-video-preview:-1\" \/>\n<link rel=\"canonical\" href=\"https:\/\/urs-mueller.com\/profile\" \/>\n<meta property=\"og:locale\" content=\"de_DE\" \/>\n<meta property=\"og:type\" content=\"article\" \/>\n<meta property=\"og:title\" content=\"Urs M\u00fcller - Lebenslauf\" \/>\n<meta property=\"og:url\" content=\"https:\/\/urs-mueller.com\/profile\" \/>\n<meta property=\"og:site_name\" content=\"Urs M\u00fcller\" \/>\n<meta property=\"article:publisher\" content=\"https:\/\/www.facebook.com\/umuelle\" \/>\n<meta property=\"article:modified_time\" content=\"2024-11-19T14:41:16+00:00\" \/>\n<meta property=\"og:image\" content=\"https:\/\/urs-mueller.com\/wp-content\/uploads\/2018\/03\/passfoto25-1024x683.jpg\" \/>\n\t<meta property=\"og:image:width\" content=\"1024\" \/>\n\t<meta property=\"og:image:height\" content=\"683\" \/>\n\t<meta property=\"og:image:type\" content=\"image\/jpeg\" \/>\n<meta name=\"twitter:card\" content=\"summary_large_image\" \/>\n<meta name=\"twitter:site\" content=\"@ursmueller\" \/>\n<meta name=\"twitter:label1\" content=\"Gesch\u00e4tzte Lesezeit\" \/>\n\t<meta name=\"twitter:data1\" content=\"2\u00a0Minuten\" \/>\n<script type=\"application\/ld+json\" class=\"yoast-schema-graph\">{\"@context\":\"https:\/\/schema.org\",\"@graph\":[{\"@type\":\"WebPage\",\"@id\":\"https:\/\/urs-mueller.com\/profile\",\"url\":\"https:\/\/urs-mueller.com\/profile\",\"name\":\"Urs M\u00fcller - Lebenslauf\",\"isPartOf\":{\"@id\":\"https:\/\/urs-mueller.com\/#website\"},\"primaryImageOfPage\":{\"@id\":\"https:\/\/urs-mueller.com\/profile#primaryimage\"},\"image\":{\"@id\":\"https:\/\/urs-mueller.com\/profile#primaryimage\"},\"thumbnailUrl\":\"https:\/\/urs-mueller.com\/wp-content\/uploads\/2018\/03\/passfoto25.jpg\",\"datePublished\":\"2018-03-14T22:44:59+00:00\",\"dateModified\":\"2024-11-19T14:41:16+00:00\",\"breadcrumb\":{\"@id\":\"https:\/\/urs-mueller.com\/profile#breadcrumb\"},\"inLanguage\":\"de\",\"potentialAction\":[{\"@type\":\"ReadAction\",\"target\":[\"https:\/\/urs-mueller.com\/profile\"]}]},{\"@type\":\"ImageObject\",\"inLanguage\":\"de\",\"@id\":\"https:\/\/urs-mueller.com\/profile#primaryimage\",\"url\":\"https:\/\/urs-mueller.com\/wp-content\/uploads\/2018\/03\/passfoto25.jpg\",\"contentUrl\":\"https:\/\/urs-mueller.com\/wp-content\/uploads\/2018\/03\/passfoto25.jpg\",\"width\":5472,\"height\":3648,\"caption\":\"Urs Mueller\"},{\"@type\":\"BreadcrumbList\",\"@id\":\"https:\/\/urs-mueller.com\/profile#breadcrumb\",\"itemListElement\":[{\"@type\":\"ListItem\",\"position\":1,\"name\":\"Home\",\"item\":\"https:\/\/urs-mueller.com\/\"},{\"@type\":\"ListItem\",\"position\":2,\"name\":\"Profile\"}]},{\"@type\":\"WebSite\",\"@id\":\"https:\/\/urs-mueller.com\/#website\",\"url\":\"https:\/\/urs-mueller.com\/\",\"name\":\"Urs Mueller\",\"description\":\"Wirtschaftsethik - Ver\u00e4nderungsmanagement - Strategie\",\"publisher\":{\"@id\":\"https:\/\/urs-mueller.com\/#\/schema\/person\/28a089c2d1a9e0e01409822488b62fd1\"},\"potentialAction\":[{\"@type\":\"SearchAction\",\"target\":{\"@type\":\"EntryPoint\",\"urlTemplate\":\"https:\/\/urs-mueller.com\/?s={search_term_string}\"},\"query-input\":{\"@type\":\"PropertyValueSpecification\",\"valueRequired\":true,\"valueName\":\"search_term_string\"}}],\"inLanguage\":\"de\"},{\"@type\":[\"Person\",\"Organization\"],\"@id\":\"https:\/\/urs-mueller.com\/#\/schema\/person\/28a089c2d1a9e0e01409822488b62fd1\",\"name\":\"Urs Mueller\",\"image\":{\"@type\":\"ImageObject\",\"inLanguage\":\"de\",\"@id\":\"https:\/\/urs-mueller.com\/#\/schema\/person\/image\/\",\"url\":\"https:\/\/secure.gravatar.com\/avatar\/d97b7cf0d47bff7b3f8a7620e1495703?s=96&d=mm&r=g\",\"contentUrl\":\"https:\/\/secure.gravatar.com\/avatar\/d97b7cf0d47bff7b3f8a7620e1495703?s=96&d=mm&r=g\",\"caption\":\"Urs Mueller\"},\"logo\":{\"@id\":\"https:\/\/urs-mueller.com\/#\/schema\/person\/image\/\"},\"description\":\"Urs Mueller is an experienced (executive education) educator and author in the areas of Business ethics, Strategy and Change management.\",\"sameAs\":[\"http:\/\/www.urs-mueller.com\",\"https:\/\/www.facebook.com\/umuelle\",\"https:\/\/www.linkedin.com\/in\/ursmueller\/\"]}]}<\/script>\n<!-- \/ Yoast SEO plugin. -->","yoast_head_json":{"title":"Urs M\u00fcller - Lebenslauf","robots":{"index":"index","follow":"follow","max-snippet":"max-snippet:-1","max-image-preview":"max-image-preview:large","max-video-preview":"max-video-preview:-1"},"canonical":"https:\/\/urs-mueller.com\/profile","og_locale":"de_DE","og_type":"article","og_title":"Urs M\u00fcller - Lebenslauf","og_url":"https:\/\/urs-mueller.com\/profile","og_site_name":"Urs M\u00fcller","article_publisher":"https:\/\/www.facebook.com\/umuelle","article_modified_time":"2024-11-19T14:41:16+00:00","og_image":[{"width":1024,"height":683,"url":"https:\/\/urs-mueller.com\/wp-content\/uploads\/2018\/03\/passfoto25-1024x683.jpg","type":"image\/jpeg"}],"twitter_card":"summary_large_image","twitter_site":"@ursmueller","twitter_misc":{"Gesch\u00e4tzte Lesezeit":"2\u00a0Minuten"},"schema":{"@context":"https:\/\/schema.org","@graph":[{"@type":"WebPage","@id":"https:\/\/urs-mueller.com\/profile","url":"https:\/\/urs-mueller.com\/profile","name":"Urs M\u00fcller - Lebenslauf","isPartOf":{"@id":"https:\/\/urs-mueller.com\/#website"},"primaryImageOfPage":{"@id":"https:\/\/urs-mueller.com\/profile#primaryimage"},"image":{"@id":"https:\/\/urs-mueller.com\/profile#primaryimage"},"thumbnailUrl":"https:\/\/urs-mueller.com\/wp-content\/uploads\/2018\/03\/passfoto25.jpg","datePublished":"2018-03-14T22:44:59+00:00","dateModified":"2024-11-19T14:41:16+00:00","breadcrumb":{"@id":"https:\/\/urs-mueller.com\/profile#breadcrumb"},"inLanguage":"de","potentialAction":[{"@type":"ReadAction","target":["https:\/\/urs-mueller.com\/profile"]}]},{"@type":"ImageObject","inLanguage":"de","@id":"https:\/\/urs-mueller.com\/profile#primaryimage","url":"https:\/\/urs-mueller.com\/wp-content\/uploads\/2018\/03\/passfoto25.jpg","contentUrl":"https:\/\/urs-mueller.com\/wp-content\/uploads\/2018\/03\/passfoto25.jpg","width":5472,"height":3648,"caption":"Urs Mueller"},{"@type":"BreadcrumbList","@id":"https:\/\/urs-mueller.com\/profile#breadcrumb","itemListElement":[{"@type":"ListItem","position":1,"name":"Home","item":"https:\/\/urs-mueller.com\/"},{"@type":"ListItem","position":2,"name":"Profile"}]},{"@type":"WebSite","@id":"https:\/\/urs-mueller.com\/#website","url":"https:\/\/urs-mueller.com\/","name":"Urs Mueller","description":"Wirtschaftsethik - Ver\u00e4nderungsmanagement - Strategie","publisher":{"@id":"https:\/\/urs-mueller.com\/#\/schema\/person\/28a089c2d1a9e0e01409822488b62fd1"},"potentialAction":[{"@type":"SearchAction","target":{"@type":"EntryPoint","urlTemplate":"https:\/\/urs-mueller.com\/?s={search_term_string}"},"query-input":{"@type":"PropertyValueSpecification","valueRequired":true,"valueName":"search_term_string"}}],"inLanguage":"de"},{"@type":["Person","Organization"],"@id":"https:\/\/urs-mueller.com\/#\/schema\/person\/28a089c2d1a9e0e01409822488b62fd1","name":"Urs Mueller","image":{"@type":"ImageObject","inLanguage":"de","@id":"https:\/\/urs-mueller.com\/#\/schema\/person\/image\/","url":"https:\/\/secure.gravatar.com\/avatar\/d97b7cf0d47bff7b3f8a7620e1495703?s=96&d=mm&r=g","contentUrl":"https:\/\/secure.gravatar.com\/avatar\/d97b7cf0d47bff7b3f8a7620e1495703?s=96&d=mm&r=g","caption":"Urs Mueller"},"logo":{"@id":"https:\/\/urs-mueller.com\/#\/schema\/person\/image\/"},"description":"Urs Mueller is an experienced (executive education) educator and author in the areas of Business ethics, Strategy and Change management.","sameAs":["http:\/\/www.urs-mueller.com","https:\/\/www.facebook.com\/umuelle","https:\/\/www.linkedin.com\/in\/ursmueller\/"]}]}},"_links":{"self":[{"href":"https:\/\/urs-mueller.com\/de\/wp-json\/wp\/v2\/pages\/19","targetHints":{"allow":["GET"]}}],"collection":[{"href":"https:\/\/urs-mueller.com\/de\/wp-json\/wp\/v2\/pages"}],"about":[{"href":"https:\/\/urs-mueller.com\/de\/wp-json\/wp\/v2\/types\/page"}],"author":[{"embeddable":true,"href":"https:\/\/urs-mueller.com\/de\/wp-json\/wp\/v2\/users\/1"}],"replies":[{"embeddable":true,"href":"https:\/\/urs-mueller.com\/de\/wp-json\/wp\/v2\/comments?post=19"}],"version-history":[{"count":21,"href":"https:\/\/urs-mueller.com\/de\/wp-json\/wp\/v2\/pages\/19\/revisions"}],"predecessor-version":[{"id":312,"href":"https:\/\/urs-mueller.com\/de\/wp-json\/wp\/v2\/pages\/19\/revisions\/312"}],"wp:featuredmedia":[{"embeddable":true,"href":"https:\/\/urs-mueller.com\/de\/wp-json\/wp\/v2\/media\/41"}],"wp:attachment":[{"href":"https:\/\/urs-mueller.com\/de\/wp-json\/wp\/v2\/media?parent=19"}],"curies":[{"name":"wp","href":"https:\/\/api.w.org\/{rel}","templated":true}]}}